{"id":7445,"date":"2022-08-15T06:48:44","date_gmt":"2022-08-15T06:48:44","guid":{"rendered":"https:\/\/tahatakmaz.com\/?page_id=7445"},"modified":"2024-04-24T11:51:42","modified_gmt":"2024-04-24T11:51:42","slug":"kvkk","status":"publish","type":"page","link":"https:\/\/tahatakmaz.com\/ar\/kvkk\/","title":{"rendered":"\u0627\u0644\u0646\u0635 \u0627\u0644\u062a\u0648\u0636\u064a\u062d\u064a \u0644\u0642\u0627\u0646\u0648\u0646 \u062d\u0645\u0627\u064a\u0629 \u0627\u0644\u0628\u064a\u0627\u0646\u0627\u062a \u0627\u0644\u0634\u062e\u0635\u064a\u0629"},"content":{"rendered":"<div data-elementor-type=\"wp-page\" data-elementor-id=\"7445\" class=\"elementor elementor-7445\">\n\t\t\t\t\t\t<section class=\"elementor-section elementor-top-section elementor-element elementor-element-ba0a67c elementor-section-boxed elementor-section-height-default elementor-section-height-default cmsmasters-block-default\" data-id=\"ba0a67c\" data-element_type=\"section\" data-e-type=\"section\">\n\t\t\t\t\t\t<div class=\"elementor-container elementor-column-gap-default\">\n\t\t\t\t\t<div class=\"elementor-column elementor-col-100 elementor-top-column elementor-element elementor-element-1706c145\" data-id=\"1706c145\" data-element_type=\"column\" data-e-type=\"column\">\n\t\t\t<div class=\"elementor-widget-wrap elementor-element-populated\">\n\t\t\t\t\t\t<div class=\"elementor-element elementor-element-15012d6a cmsmasters-block-default cmsmasters-sticky-default elementor-widget elementor-widget-text-editor\" data-id=\"15012d6a\" data-element_type=\"widget\" data-e-type=\"widget\" data-widget_type=\"text-editor.default\">\n\t\t\t\t<div class=\"elementor-widget-container\">\n\t\t\t\t\t\t\t\t\t<p><\/p>\n<h2 class=\"wp-block-heading\">K\u0130\u015e\u0130SEL VER\u0130LER\u0130N KORUNMASI KANUNU UYARINCA<\/h2>\n<h2>AYDINLATMA METN\u0130<\/h2>\n<p><\/p>\n<p>\u0130\u015fbu Ki\u015fisel Verilerin Korunmas\u0131 Kanunu Uyar\u0131nca Ayd\u0131nlatma Metni (\u201cAyd\u0131nlatma Metni\u201d), 6698 say\u0131l\u0131 Ki\u015fisel Verilerin Korunmas\u0131 Kanunu\u2019nun (\u201cKVKK\u201d) \u2018Veri Sorumlusunun Ayd\u0131nlatma Y\u00fck\u00fcml\u00fcl\u00fc\u011f\u00fc\u2019 ba\u015fl\u0131kl\u0131 10. Maddesi uyar\u0131nca, veri sorumlusu s\u0131fat\u0131yla hareket eden DO\u00c7. DR. TAHA TAKMAZ taraf\u0131ndan ki\u015fisel veri i\u015fleme ama\u00e7lar\u0131, ki\u015fisel verilerin aktar\u0131ld\u0131\u011f\u0131 ki\u015filer ve aktarma ama\u00e7lar\u0131, ki\u015fisel verilerin toplanmas\u0131n\u0131n hukuki sebepleri ve y\u00f6ntemleri, ki\u015fisel veri sahibinin veri sorumlusuna y\u00f6neltece\u011fi KVKK\u2019n\u0131n 11\u2019inci maddesinde say\u0131lan haklar\u0131 konusunda a\u00e7\u0131klamalarda bulunmak ve veri sahiplerini bilgilendirmek amac\u0131yla haz\u0131rlanm\u0131\u015ft\u0131r.<\/p>\n<p><\/p>\n<h2 class=\"wp-block-heading\">a. Veri Sorumlusunun Kimli\u011fi:<\/h2>\n<p><\/p>\n<p>a. Veri Sorumlusunun Kimli\u011fi:<br \/>KVKK uyar\u0131nca, ki\u015fisel verileriniz, veri sorumlusu olarak, DO\u00c7. DR. TAHA TAKMAZ taraf\u0131ndan a\u015fa\u011f\u0131da a\u00e7\u0131klanan kapsamda toplanmakta ve i\u015flenmektedir.<\/p>\n<p>Adres: Memorial Bah\u00e7elievler Hastanesi,\u00a0Bah\u00e7elievler Mahallesi, Adnan Kahveci Blv. No: 227, 34180 Bah\u00e7elievler\/\u0130stanbul<br \/>E-posta:\u00a0<a href=\"mailto:info@tahatakmaz.com\" target=\"_blank\" rel=\"noopener\">info@tahatakmaz.com<\/a><br \/>Telefon: 0532 689 73 40<\/p>\n<p><\/p>\n<h2 class=\"wp-block-heading\">b. Ki\u015fisel Verilerin \u0130\u015flenme Ama\u00e7lar\u0131:<\/h2>\n<p><\/p>\n<p>Ki\u015fisel Verileriniz KVKK\u2019n\u0131n 5\u2019inci ve 6\u2019\u0131nc\u0131 maddesinde belirtilen ki\u015fisel veri i\u015fleme \u015fartlar\u0131ndan bir veya birka\u00e7\u0131na dayal\u0131 olarak, KVKK\u2019n\u0131n 4\u2019\u00fcnc\u00fc maddesinde belirtilen ki\u015fisel veri i\u015fleme ilkelerine uygun \u015fekilde i\u015flenmektedir. T\u00fcm ki\u015fisel veri i\u015fleme faaliyetlerinde KVKK ba\u015fta olmak \u00fczere ilgili t\u00fcm mevzuatta aranan y\u00fck\u00fcml\u00fcklere de uygun olarak hareket edilmektedir.<\/p>\n<p>www.tahatakmaz.com uzant\u0131l\u0131 internet sitesi \u00fczerinden randevu talebi olu\u015fturman\u0131z halinde, kimli\u011finizin do\u011frulanmas\u0131, randevuya ili\u015fkin bilgi sa\u011flama ama\u00e7lar\u0131yla, ad\u0131n\u0131z, soyad\u0131n\u0131z, T.C. kimlik numaran\u0131z, telefon numaran\u0131z, elektronik posta adresiniz;<\/p>\n<p>Muayene ve tedavi s\u0131ras\u0131nda, kamu sa\u011fl\u0131\u011f\u0131n\u0131n korunmas\u0131, koruyucu hekimlik, t\u0131bb\u00ee te\u015fhis, tedavi ve bak\u0131m hizmetlerinin y\u00fcr\u00fct\u00fclmesi, sa\u011fl\u0131k hizmetleri ile finansman\u0131n\u0131n planlanmas\u0131 ve y\u00f6netimi, ilgili mevzuat uyar\u0131nca Sa\u011fl\u0131k Bakanl\u0131\u011f\u0131 ve di\u011fer kamu kurum ve kurulu\u015flar\u0131n\u0131n taleplerine yan\u0131t verme, mevzuattan kaynaklanan y\u00fck\u00fcml\u00fcl\u00fcklerin yerine getirilmesi, yetkili ve g\u00f6revli kamu kurum ve kurulu\u015flar\u0131na kar\u015f\u0131 di\u011fer hukuki y\u00fck\u00fcml\u00fcklerin yerine getirilmesi, sa\u011fl\u0131k hizmetleri alman\u0131z\u0131 takiben hasta memnuniyetinin \u00f6l\u00e7\u00fclmesi ve hasta memnuniyetinin art\u0131r\u0131lmas\u0131, hizmetlere ili\u015fkin olarak bilgilendirme amac\u0131yla sizinle ileti\u015fime ge\u00e7ilmesi amac\u0131yla, ad\u0131n\u0131z, soyad\u0131n\u0131z, T.C. kimlik numaran\u0131z, telefon numaran\u0131z, elektronik posta adresiniz, kan grubunuz, alerjileriniz, kronik hastal\u0131klar\u0131n\u0131z, daha \u00f6nce ge\u00e7irmi\u015f oldu\u011funuz ameliyatlara\/operasyonlara ili\u015fkin verileriniz, s\u00fcrekli olarak kulland\u0131\u011f\u0131n\u0131z ila\u00e7lar, t\u0131bbi tedavileriniz, sa\u011fl\u0131k raporlar\u0131n\u0131z, tahlil ve g\u00f6r\u00fcnt\u00fcleme sonu\u00e7lar\u0131n\u0131z, test sonu\u00e7lar\u0131n\u0131z, muayene verileriniz, re\u00e7ete bilgileriniz, payla\u015ft\u0131\u011f\u0131n\u0131z t\u0131bbi belgeleriniz ve taraf\u0131n\u0131za uygulanacak tedavi ve t\u0131bbi uygulamalar i\u00e7in gerekli olan sa\u011fl\u0131k verileriniz, t\u0131bbi i\u015flem \u00f6ncesi ve sonras\u0131, muayene ya da sadece dan\u0131\u015fma s\u0131ras\u0131nda \u00e7ekilen foto\u011fraf, video verileriniz,<\/p>\n<p>\u0130nternet sitesini ziyaretiniz ve kullan\u0131m\u0131n\u0131z s\u0131ras\u0131nda kar\u015f\u0131la\u015f\u0131lan teknik\/yaz\u0131l\u0131msal hatalar\u0131, eksiklikleri tespit edebilmek ve giderebilmek amac\u0131yla site kullan\u0131m bilgileriniz,<\/p>\n<p>ilgili mevzuata uygun \u015fekilde i\u015flenmektedir.<\/p>\n<p><\/p>\n<h2 class=\"wp-block-heading\">c. \u0130\u015flenen Ki\u015fisel Verilerin Kimlere ve Hangi Ama\u00e7la Aktar\u0131labilece\u011fi:<\/h2>\n<p><\/p>\n<p>Toplanan ki\u015fisel verileriniz, i\u015fbu Ayd\u0131nlatma Metni\u2019nin (b) maddesinde say\u0131lan ama\u00e7larla ve (d) maddesinde belirtilen hukuki sebeplere dayan\u0131larak, KVKK\u2019n\u0131n 8. ve 9. maddelerinde belirtilen ki\u015fisel veri i\u015fleme \u015fartlar\u0131 ve ama\u00e7lar\u0131 \u00e7er\u00e7evesinde, kanunen yetkili kamu kurumlar\u0131na, ilgili sa\u011fl\u0131k kurulu\u015funa, randevu hizmetlerinin planlanmas\u0131 i\u00e7in arac\u0131 hizmet sa\u011flay\u0131c\u0131lar\u0131na, sunucular\u0131 yurt d\u0131\u015f\u0131nda konumland\u0131r\u0131lm\u0131\u015f olan bulut sistem hizmet sa\u011flay\u0131c\u0131lar\u0131na aktar\u0131labilecektir.<\/p>\n<p><\/p>\n<p><\/p>\n<h2 class=\"wp-block-heading\">d. Ki\u015fisel Verilerinizi Toplamam\u0131z\u0131n Y\u00f6ntemi ve Hukuki Sebebi:<\/h2>\n<p><\/p>\n<p style=\"font-weight: 400;\">Ki\u015fisel verileriniz, internet sitesinin kullan\u0131m\u0131 ile yapt\u0131\u011f\u0131n\u0131z kay\u0131tlar, sosyal medya, her t\u00fcrl\u00fc yaz\u0131l\u0131, s\u00f6zl\u00fc, elektronik ortamda yasalara uygun olarak toplanmaktad\u0131r. Ki\u015fisel verileriniz KVKK\u2019n\u0131n 5. ve 6. maddelerinde belirtilen ki\u015fisel veri i\u015fleme \u015fartlar\u0131 ve ama\u00e7lar\u0131 kapsam\u0131nda i\u015fbu Ayd\u0131nlatma Metni\u2019nde belirtilen ama\u00e7larla da i\u015flenebilmekte ve aktar\u0131labilmektedir.<\/p>\n<p><\/p>\n<h2 class=\"wp-block-heading\">e. Ki\u015fisel Veri Sahibinin Haklar\u0131:<\/h2>\n<p><\/p>\n<div>Ki\u015fisel veri sahipleri olarak, haklar\u0131n\u0131za ili\u015fkin taleplerinizi, KVKK\u2019n\u0131n 13. maddesinin 1. f\u0131kras\u0131 ve 30356 say\u0131l\u0131 ve 10.03.2018 tarihli Veri Sorumlusuna Ba\u015fvuru Usul ve Esaslar\u0131 Hakk\u0131nda Tebli\u011f gere\u011fince T\u00fcrk\u00e7e ve yaz\u0131l\u0131 olarak posta ile veya elektronik posta adresinizi kullanmak suretiyle e-posta yoluyla iletebilirsiniz. E-posta yoluyla yapmak istedi\u011finiz ba\u015fvurular\u0131n\u0131z\u0131 info@tahatakmaz.com \u00a0e-posta adresine yapabilirsiniz. Talebiniz niteli\u011fine g\u00f6re en k\u0131sa s\u00fcrede ve en ge\u00e7 otuz (30) g\u00fcn i\u00e7inde \u00fccretsiz olarak sonu\u00e7land\u0131r\u0131lacakt\u0131r.<\/div>\n<div>\u00a0<\/div>\n<div>Ki\u015fisel verisi i\u015flenen ger\u00e7ek ki\u015filerin KVKK\u2019n\u0131n 11. maddesi uyar\u0131ca sahip oldu\u011fu haklar a\u015fa\u011f\u0131daki gibidir:<\/div>\n<div>\u00a0<\/div>\n<div>\u27a2 Ki\u015fisel veri i\u015flenip i\u015flenmedi\u011fini \u00f6\u011frenme,<\/div>\n<div>\u27a2 Ki\u015fisel verileri i\u015flenmi\u015fse buna ili\u015fkin bilgi talep etme,<\/div>\n<div>\u27a2 Ki\u015fisel verilerin i\u015flenme amac\u0131n\u0131 ve bunlar\u0131n amac\u0131na uygun kullan\u0131l\u0131p kullan\u0131lmad\u0131\u011f\u0131n\u0131 \u00f6\u011frenme,<\/div>\n<div>\u27a2 Yurt i\u00e7inde veya yurt d\u0131\u015f\u0131nda ki\u015fisel verilerin aktar\u0131ld\u0131\u011f\u0131 \u00fc\u00e7\u00fcnc\u00fc ki\u015fileri bilme,<\/div>\n<div>\u27a2 Ki\u015fisel verilerin eksik veya yanl\u0131\u015f i\u015flenmi\u015f olmas\u0131 h\u00e2linde bunlar\u0131n d\u00fczeltilmesini isteme ve bu kapsamda yap\u0131lan i\u015flemin ki\u015fisel verilerin aktar\u0131ld\u0131\u011f\u0131 \u00fc\u00e7\u00fcnc\u00fc ki\u015filere bildirilmesini isteme,<\/div>\n<div>\u27a2 KVKK ve ilgili di\u011fer kanun h\u00fck\u00fcmlerine uygun olarak i\u015flenmi\u015f olmas\u0131na ra\u011fmen, i\u015flenmesini gerektiren sebeplerin ortadan kalkmas\u0131 h\u00e2linde ki\u015fisel verilerin silinmesini veya yok edilmesini isteme ve bu kapsamda yap\u0131lan i\u015flemin ki\u015fisel verilerin aktar\u0131ld\u0131\u011f\u0131 \u00fc\u00e7\u00fcnc\u00fc ki\u015filere bildirilmesini isteme,<\/div>\n<div>\u27a2 \u0130\u015flenen verilerin m\u00fcnhas\u0131ran otomatik sistemler vas\u0131tas\u0131yla analiz edilmesi suretiyle ki\u015finin kendisi aleyhine bir sonucun ortaya \u00e7\u0131kmas\u0131na itiraz etme,<\/div>\n<div>\u27a2 Ki\u015fisel verilerin kanuna ayk\u0131r\u0131 olarak i\u015flenmesi sebebiyle zarara u\u011framas\u0131 h\u00e2linde zarar\u0131n giderilmesini talep etme.<\/div>\n<p><\/p>\n<h2 class=\"wp-block-heading\">\u00c7EREZLER (COOK\u0130ELER)<\/h2>\n<p><\/p>\n<p>Kullan\u0131c\u0131lar\u0131n tercihlerinin izlenmesi amac\u0131yla internet sitemizde cookieler kullan\u0131lmaktad\u0131r. Cookieler, bilgisayar\u0131n\u0131z\u0131n sabit diskine b\u0131rak\u0131lan k\u00fc\u00e7\u00fck dosyalard\u0131r. Bu, navigasyonu kolayla\u015ft\u0131r\u0131r ve internet sitesinin \u00e7ok daha rahat kullan\u0131lmas\u0131n\u0131 sa\u011flar. Cookieler ayn\u0131 zamanda bizim internet sitemizde en pop\u00fcler olan alanlar\u0131 saptamam\u0131za yard\u0131mc\u0131 olmaktad\u0131r. B\u00f6ylelikle internet sitemizin i\u00e7eriklerini sizin gereksinimlerinizi daha iyi kar\u015f\u0131layacak bi\u00e7imde olu\u015fturabilir, dolay\u0131s\u0131yla size sundu\u011fumuz hizmeti de iyile\u015ftirebiliriz. Cookieler; sizin bilgisayar\u0131n\u0131zdan daha \u00f6nce internet sitemize eri\u015filip eri\u015filmedi\u011fini saptamak i\u00e7in de kullan\u0131labilir.<\/p>\n<p>\u0130nternet sitemizi cookieler olmaks\u0131z\u0131n da kullanabilirsiniz Cookielerin bilgisayar\u0131n\u0131z\u0131n sabit diskine kaydedilmesini, browser ayarlar\u0131nda *cookie engelle* ayar\u0131n\u0131 se\u00e7erek engelleyebilirsiniz. Ancak bir\u00e7ok browser\u0131n cookieleri otomatik olarak kabul etti\u011fi ve cookie kabul etmemeniz halinde internet sitemizi kullan\u0131m\u0131n\u0131z\u0131n s\u0131n\u0131rlanabilece\u011fini hususunda dikkatinizi \u00e7ekmek isteriz.<\/p>\n<p><\/p>\n<h2 class=\"wp-block-heading\">G\u00dcVENL\u0130K<\/h2>\n<p><\/p>\n<p>\u015eirketimizce toplanmas\u0131na izin verdi\u011finiz ki\u015fisel verilerinizi, kay\u0131p, hasar ve yetkisiz ki\u015filerin eri\u015fimine engel olmak amac\u0131yla koruyor ve bu ama\u00e7la bir k\u0131s\u0131m g\u00fcvenlik \u00f6nlemlerini uyguluyoruz. G\u00fcvenlik \u00f6nlemlerimiz teknolojik ilerlemeler ile birlikte s\u00fcrekli geli\u015fme i\u00e7erisindedir.<\/p>\n<p>Veri sorumlusunun i\u015fbu Ayd\u0131nlatma Metni\u2019ni, i\u015f gereksinimleri, kanuni gereksinimler do\u011fmas\u0131 halinde tek tarafl\u0131 olarak g\u00fcncelleme hakk\u0131 sakl\u0131d\u0131r. Bu metnin en g\u00fcncel haline ula\u015fmak i\u00e7in internet sitesini d\u00fczenli olarak ziyaret etmenizi \u00f6neririz.<\/p>\n<p>\u00a0<\/p>\n<p><\/p>\n<p><\/p>\t\t\t\t\t\t\t\t<\/div>\n\t\t\t\t<\/div>\n\t\t\t\t\t<\/div>\n\t\t<\/div>\n\t\t\t\t\t<\/div>\n\t\t<\/section>\n\t\t\t\t<\/div>","protected":false},"excerpt":{"rendered":"<p>K\u0130\u015e\u0130SEL VER\u0130LER\u0130N KORUNMASI KANUNU UYARINCA AYDINLATMA METN\u0130 \u0130\u015fbu Ki\u015fisel Verilerin Korunmas\u0131 Kanunu Uyar\u0131nca Ayd\u0131nlatma Metni (\u201cAyd\u0131nlatma Metni\u201d), 6698 say\u0131l\u0131 Ki\u015fisel Verilerin Korunmas\u0131 Kanunu\u2019nun (\u201cKVKK\u201d) \u2018Veri Sorumlusunun Ayd\u0131nlatma Y\u00fck\u00fcml\u00fcl\u00fc\u011f\u00fc\u2019 ba\u015fl\u0131kl\u0131 10. Maddesi uyar\u0131nca, veri sorumlusu s\u0131fat\u0131yla hareket eden DO\u00c7. DR. TAHA TAKMAZ taraf\u0131ndan ki\u015fisel veri i\u015fleme ama\u00e7lar\u0131, ki\u015fisel verilerin aktar\u0131ld\u0131\u011f\u0131 ki\u015filer ve aktarma ama\u00e7lar\u0131, ki\u015fisel verilerin&#8230;<\/p>","protected":false},"author":1,"featured_media":0,"parent":0,"menu_order":0,"comment_status":"closed","ping_status":"closed","template":"","meta":{"_acf_changed":false,"inline_featured_image":false,"_joinchat":[],"footnotes":""},"class_list":["post-7445","page","type-page","status-publish","hentry"],"acf":[],"yoast_head":"<!-- This site is optimized with the Yoast SEO plugin v27.4 - https:\/\/yoast.com\/product\/yoast-seo-wordpress\/ -->\n<title>KVKK Ayd\u0131nlatma Metni - Do\u00e7. Dr. Taha Takmaz<\/title>\n<meta name=\"description\" content=\"Ki\u015fisel Verilerin Korunmas\u0131 Kanunu ile ilgili sayfam\u0131z\u0131 ziyaret etmek ve daha detayl\u0131 bilgi almak i\u00e7in TIklay\u0131n\u0131z.\" \/>\n<meta name=\"robots\" content=\"index, follow, max-snippet:-1, max-image-preview:large, max-video-preview:-1\" \/>\n<link rel=\"canonical\" href=\"https:\/\/tahatakmaz.com\/ar\/kvkk\/\" \/>\n<meta property=\"og:locale\" content=\"ar_AR\" \/>\n<meta property=\"og:type\" content=\"article\" \/>\n<meta property=\"og:title\" content=\"KVKK Ayd\u0131nlatma Metni - Do\u00e7. Dr. Taha Takmaz\" \/>\n<meta property=\"og:description\" content=\"Ki\u015fisel Verilerin Korunmas\u0131 Kanunu ile ilgili sayfam\u0131z\u0131 ziyaret etmek ve daha detayl\u0131 bilgi almak i\u00e7in TIklay\u0131n\u0131z.\" \/>\n<meta property=\"og:url\" content=\"https:\/\/tahatakmaz.com\/ar\/kvkk\/\" \/>\n<meta property=\"og:site_name\" content=\"Do\u00e7. Dr. Taha Takmaz\" \/>\n<meta property=\"article:modified_time\" content=\"2024-04-24T11:51:42+00:00\" \/>\n<meta name=\"twitter:card\" content=\"summary_large_image\" \/>\n<meta name=\"twitter:label1\" content=\"\u0648\u0642\u062a \u0627\u0644\u0642\u0631\u0627\u0621\u0629 \u0627\u0644\u0645\u064f\u0642\u062f\u0651\u0631\" \/>\n\t<meta name=\"twitter:data1\" content=\"6 \u062f\u0642\u0627\u0626\u0642\" \/>\n<script type=\"application\/ld+json\" class=\"yoast-schema-graph\">{\"@context\":\"https:\\\/\\\/schema.org\",\"@graph\":[{\"@type\":\"WebPage\",\"@id\":\"https:\\\/\\\/tahatakmaz.com\\\/kvkk\\\/\",\"url\":\"https:\\\/\\\/tahatakmaz.com\\\/kvkk\\\/\",\"name\":\"KVKK Ayd\u0131nlatma Metni - Do\u00e7. Dr. Taha Takmaz\",\"isPartOf\":{\"@id\":\"https:\\\/\\\/tahatakmaz.com\\\/#website\"},\"datePublished\":\"2022-08-15T06:48:44+00:00\",\"dateModified\":\"2024-04-24T11:51:42+00:00\",\"description\":\"Ki\u015fisel Verilerin Korunmas\u0131 Kanunu ile ilgili sayfam\u0131z\u0131 ziyaret etmek ve daha detayl\u0131 bilgi almak i\u00e7in TIklay\u0131n\u0131z.\",\"breadcrumb\":{\"@id\":\"https:\\\/\\\/tahatakmaz.com\\\/kvkk\\\/#breadcrumb\"},\"inLanguage\":\"ar\",\"potentialAction\":[{\"@type\":\"ReadAction\",\"target\":[\"https:\\\/\\\/tahatakmaz.com\\\/kvkk\\\/\"]}]},{\"@type\":\"BreadcrumbList\",\"@id\":\"https:\\\/\\\/tahatakmaz.com\\\/kvkk\\\/#breadcrumb\",\"itemListElement\":[{\"@type\":\"ListItem\",\"position\":1,\"name\":\"Anasayfa\",\"item\":\"https:\\\/\\\/tahatakmaz.com\\\/\"},{\"@type\":\"ListItem\",\"position\":2,\"name\":\"KVKK Ayd\u0131nlatma Metni\"}]},{\"@type\":\"WebSite\",\"@id\":\"https:\\\/\\\/tahatakmaz.com\\\/#website\",\"url\":\"https:\\\/\\\/tahatakmaz.com\\\/\",\"name\":\"Do\u00e7. Dr. Taha Takmaz\",\"description\":\"\",\"potentialAction\":[{\"@type\":\"SearchAction\",\"target\":{\"@type\":\"EntryPoint\",\"urlTemplate\":\"https:\\\/\\\/tahatakmaz.com\\\/?s={search_term_string}\"},\"query-input\":{\"@type\":\"PropertyValueSpecification\",\"valueRequired\":true,\"valueName\":\"search_term_string\"}}],\"inLanguage\":\"ar\"}]}<\/script>\n<!-- \/ Yoast SEO plugin. -->","yoast_head_json":{"title":"KVKK Ayd\u0131nlatma Metni - Do\u00e7. Dr. Taha Takmaz","description":"Ki\u015fisel Verilerin Korunmas\u0131 Kanunu ile ilgili sayfam\u0131z\u0131 ziyaret etmek ve daha detayl\u0131 bilgi almak i\u00e7in TIklay\u0131n\u0131z.","robots":{"index":"index","follow":"follow","max-snippet":"max-snippet:-1","max-image-preview":"max-image-preview:large","max-video-preview":"max-video-preview:-1"},"canonical":"https:\/\/tahatakmaz.com\/ar\/kvkk\/","og_locale":"ar_AR","og_type":"article","og_title":"KVKK Ayd\u0131nlatma Metni - Do\u00e7. Dr. Taha Takmaz","og_description":"Ki\u015fisel Verilerin Korunmas\u0131 Kanunu ile ilgili sayfam\u0131z\u0131 ziyaret etmek ve daha detayl\u0131 bilgi almak i\u00e7in TIklay\u0131n\u0131z.","og_url":"https:\/\/tahatakmaz.com\/ar\/kvkk\/","og_site_name":"Do\u00e7. Dr. Taha Takmaz","article_modified_time":"2024-04-24T11:51:42+00:00","twitter_card":"summary_large_image","twitter_misc":{"\u0648\u0642\u062a \u0627\u0644\u0642\u0631\u0627\u0621\u0629 \u0627\u0644\u0645\u064f\u0642\u062f\u0651\u0631":"6 \u062f\u0642\u0627\u0626\u0642"},"schema":{"@context":"https:\/\/schema.org","@graph":[{"@type":"WebPage","@id":"https:\/\/tahatakmaz.com\/kvkk\/","url":"https:\/\/tahatakmaz.com\/kvkk\/","name":"KVKK Ayd\u0131nlatma Metni - Do\u00e7. Dr. Taha Takmaz","isPartOf":{"@id":"https:\/\/tahatakmaz.com\/#website"},"datePublished":"2022-08-15T06:48:44+00:00","dateModified":"2024-04-24T11:51:42+00:00","description":"Ki\u015fisel Verilerin Korunmas\u0131 Kanunu ile ilgili sayfam\u0131z\u0131 ziyaret etmek ve daha detayl\u0131 bilgi almak i\u00e7in TIklay\u0131n\u0131z.","breadcrumb":{"@id":"https:\/\/tahatakmaz.com\/kvkk\/#breadcrumb"},"inLanguage":"ar","potentialAction":[{"@type":"ReadAction","target":["https:\/\/tahatakmaz.com\/kvkk\/"]}]},{"@type":"BreadcrumbList","@id":"https:\/\/tahatakmaz.com\/kvkk\/#breadcrumb","itemListElement":[{"@type":"ListItem","position":1,"name":"Anasayfa","item":"https:\/\/tahatakmaz.com\/"},{"@type":"ListItem","position":2,"name":"KVKK Ayd\u0131nlatma Metni"}]},{"@type":"WebSite","@id":"https:\/\/tahatakmaz.com\/#website","url":"https:\/\/tahatakmaz.com\/","name":"\u0627\u0644\u0623\u0633\u062a\u0627\u0630 \u0627\u0644\u0645\u0634\u0627\u0631\u0643 \u0627\u0644\u062f\u0643\u062a\u0648\u0631 \u0637\u0647 \u062a\u0627\u0643\u0645\u0627\u0632","description":"","potentialAction":[{"@type":"SearchAction","target":{"@type":"EntryPoint","urlTemplate":"https:\/\/tahatakmaz.com\/?s={search_term_string}"},"query-input":{"@type":"PropertyValueSpecification","valueRequired":true,"valueName":"search_term_string"}}],"inLanguage":"ar"}]}},"_links":{"self":[{"href":"https:\/\/tahatakmaz.com\/ar\/wp-json\/wp\/v2\/pages\/7445","targetHints":{"allow":["GET"]}}],"collection":[{"href":"https:\/\/tahatakmaz.com\/ar\/wp-json\/wp\/v2\/pages"}],"about":[{"href":"https:\/\/tahatakmaz.com\/ar\/wp-json\/wp\/v2\/types\/page"}],"author":[{"embeddable":true,"href":"https:\/\/tahatakmaz.com\/ar\/wp-json\/wp\/v2\/users\/1"}],"replies":[{"embeddable":true,"href":"https:\/\/tahatakmaz.com\/ar\/wp-json\/wp\/v2\/comments?post=7445"}],"version-history":[{"count":0,"href":"https:\/\/tahatakmaz.com\/ar\/wp-json\/wp\/v2\/pages\/7445\/revisions"}],"wp:attachment":[{"href":"https:\/\/tahatakmaz.com\/ar\/wp-json\/wp\/v2\/media?parent=7445"}],"curies":[{"name":"wp","href":"https:\/\/api.w.org\/{rel}","templated":true}]}}